{"id":21,"date":"2019-09-12T10:09:58","date_gmt":"2019-09-12T10:09:58","guid":{"rendered":"https:\/\/www.congressosicvgis.it\/?page_id=21"},"modified":"2022-04-01T15:21:06","modified_gmt":"2022-04-01T15:21:06","slug":"call-for-abstracts","status":"publish","type":"page","link":"https:\/\/www.congressosicvgis.it\/call-for-abstracts\/","title":{"rendered":"CALL FOR ABSTRACTS"},"content":{"rendered":"<h4>La raccolta degli abstract \u00e8 chiusa<\/h4>\n<p>&nbsp;<\/p>\n<p>Gli autori avranno la possibilit\u00e0 di inviare gli abstract tramite la procedura online disponibile su questo sito. Il proprio abstract rester\u00e0 a loro disposizione, tramite una password, per eventuali modifiche, correzioni o complete riscritture fino alla deadline indicata.<\/p>\n<p>Non saranno accettati abstract trasmessi via e-mail o via fax.<\/p>\n<p>L\u2019abstract dovr\u00e0 essere redatto in lingua italiana, strutturato in quattro paragrafi<\/p>\n<ul>\n<li>introduzione<\/li>\n<li>materiali e metodi<\/li>\n<li>risultati<\/li>\n<li>discussione e conclusioni<\/li>\n<\/ul>\n<p>e contenere massimo 3.300 caratteri, spazi inclusi (escluso il titolo, autori e istituzioni).<\/p>\n<p>Non sar\u00e0 possibile inserire immagini, tabelle, allegati.<\/p>\n<p>Il testo dell\u2019abstract non deve contenere riferimenti all&#8217;ente di appartenenza degli autori. Non \u00e8 consentito riportare il nome commerciale dei farmaci ma solo ed esclusivamente il principio attivo che li compone. Le abbreviazioni non sono ammesse nel titolo e, se usate nel testo, vanno precedute, la prima volta che compaiono, dalla denominazione per esteso.<\/p>\n<p>Gli abstract pervenuti entro il termine previsto saranno valutati in cieco da un comitato di Referees esperti e successivamente selezionati dal Comitato Scientifico del Congresso sulla base dei seguenti criteri:<\/p>\n<ul>\n<li>Originalit\u00e0<\/li>\n<li>Interesse Scientifico<\/li>\n<li>Validit\u00e0 materiali e metodo<\/li>\n<li>Completezza dei risultati<\/li>\n<li>Studio Statistico<\/li>\n<li>Discussione\/Conclusione<\/li>\n<\/ul>\n<p>&nbsp;<\/p>\n<p>Il Comitato Scientifico stabilir\u00e0, in caso di accettazione, la tipologia di presentazione:<\/p>\n<ul>\n<li>Comunicazione orale<\/li>\n<li>E-Poster<\/li>\n<\/ul>\n<p>\nLa notifica dell\u2019accettazione del contributo e le istruzioni tecniche per l\u2019esposizione orale o la creazione degli e-poster saranno comunicate esclusivamente all&#8217;indirizzo mail dell\u2019autore che ha inserito l\u2019abstract \u201cContact person\u201d<\/p>\n<p>L\u2019Autore, indicato come Presentatore, dovr\u00e0 inserire unitamente al contributo il Suo Curriculum Vitae in formato Europeo con firma autografa. La presentazione \u00e8 subordinata all&#8217;iscrizione del Presentatore al congresso.<\/p>\n<p>I topic in cui inserire i propri abstract sono le seguenti:<\/p>\n<ul>\n<li>Spondilolistesi<\/li>\n<li>Deformit\u00e0 neuromuscolari<\/li>\n<li>Deformit\u00e0: scoliosi e cifosi<\/li>\n<li>Patologia degenerativa<\/li>\n<li>Traumatologia<\/li>\n<li>Neoplasie<\/li>\n<li>Ricerca di base<\/li>\n<li>Nuove tecnologie<\/li>\n<\/ul>\n","protected":false},"excerpt":{"rendered":"<p>La raccolta degli abstract \u00e8 chiusa &nbsp; Gli autori avranno la possibilit\u00e0 di inviare gli abstract tramite la procedura online disponibile su questo sito. Il proprio abstract rester\u00e0 a loro disposizione, tramite una password, per eventuali modifiche, correzioni o complete riscritture fino alla deadline indicata. Non saranno accettati abstract trasmessi via e-mail o via fax. &hellip; <\/p>\n<p><a class=\"more-link btn\" href=\"https:\/\/www.congressosicvgis.it\/call-for-abstracts\/\">Continue reading<\/a><\/p>\n","protected":false},"author":1,"featured_media":0,"parent":0,"menu_order":0,"comment_status":"closed","ping_status":"closed","template":"","meta":[],"_links":{"self":[{"href":"https:\/\/www.congressosicvgis.it\/wp-json\/wp\/v2\/pages\/21"}],"collection":[{"href":"https:\/\/www.congressosicvgis.it\/wp-json\/wp\/v2\/pages"}],"about":[{"href":"https:\/\/www.congressosicvgis.it\/wp-json\/wp\/v2\/types\/page"}],"author":[{"embeddable":true,"href":"https:\/\/www.congressosicvgis.it\/wp-json\/wp\/v2\/users\/1"}],"replies":[{"embeddable":true,"href":"https:\/\/www.congressosicvgis.it\/wp-json\/wp\/v2\/comments?post=21"}],"version-history":[{"count":28,"href":"https:\/\/www.congressosicvgis.it\/wp-json\/wp\/v2\/pages\/21\/revisions"}],"predecessor-version":[{"id":92,"href":"https:\/\/www.congressosicvgis.it\/wp-json\/wp\/v2\/pages\/21\/revisions\/92"}],"wp:attachment":[{"href":"https:\/\/www.congressosicvgis.it\/wp-json\/wp\/v2\/media?parent=21"}],"curies":[{"name":"wp","href":"https:\/\/api.w.org\/{rel}","templated":true}]}}