{"id":29,"date":"2019-09-12T10:10:46","date_gmt":"2019-09-12T10:10:46","guid":{"rendered":"https:\/\/www.congressosicvgis.it\/?page_id=29"},"modified":"2023-11-22T11:33:46","modified_gmt":"2023-11-22T10:33:46","slug":"informazioni-generali","status":"publish","type":"page","link":"https:\/\/www.congressosicvgis.it\/informazioni-generali\/","title":{"rendered":"INFORMAZIONI GENERALI"},"content":{"rendered":"<p><span style=\"font-family: inherit; font-size: 14pt; color: #007d80;\"><span style=\"color: #007dc6;\"><strong>SEDE DEL CONGRESSO<br \/>\n<\/strong><\/span><\/span><span style=\"color: #4d3f3f;\"><span style=\"font-size: 12pt;\">A. Roma Lifestyle<br \/>\n<\/span><\/span>Via Giorgio Zoega, 59<br \/>\n00164 Roma RM<br \/>\n<a href=\"https:\/\/www.ldchotelsitaly.com\/it\/hotelaroma-roma\"><span style=\"color: #4d3f3f;\"><span style=\"font-size: 12pt;\">https:\/\/www.ldchotelsitaly.com\/it\/hotelaroma-roma<\/span><\/span><\/a><\/p>\n<div class=\"entry-content clearfix\">\n<p><strong><span style=\"font-size: 14pt; color: #007dc6;\">COME ARRIVARE<br \/>\n<\/span><\/strong>L\u2019A.Roma Lifestyle Hotel \u00e8\u00a0 raggiungibile in auto o con i mezzi pubblici e mette a disposizione dei propri ospiti molteplici soluzioni di mobilit\u00e0: dalla possibilit\u00e0 di prenotare un transfer privato o il servizio shuttle per il centro citt\u00e0 e i musei vaticani, fino alle opzioni di noleggio e-bike, vespa e monopattino per gli spostamenti pi\u00f9 brevi o per un\u2019escursione nei dintorni.<\/p>\n<div class=\"fusion-text fusion-text-4 paragrafo\">\n<p>\u2013 Servizio Navetta per \/ dal Centro storico e Citt\u00e0 del Vaticano (su prenotazione)<br \/>\n\u2013 Noleggio monopattino elettrico<br \/>\n\u2013 Noleggio Vespa<br \/>\n\u2013 Noleggio E-Bike<br \/>\n\u2013 Transfer Privati<\/p>\n<p><strong><span style=\"color: #007dc6;\">Parcheggio<\/span><\/strong> <br \/>\nParcheggio esterno con 200 posti auto e bus e parcheggio interno non custodito a disposizione degli ospiti<\/p>\n<p>L&#8217;Hotel dispone di\u00a0 <b>2 nuovi punti di ricarica ultrarapida con 4 prese<\/b>, alimentati da energia da fonti rinnovabili, a disposizione degli ospiti e del pubblico esterno, che potr\u00e0 approfittare dei servizi esclusivi dell\u2019hotel durante il tempo di ricarica.<\/p>\n<p>&nbsp;<\/p>\n<\/div>\n<p><strong><span style=\"color: #007dc6;\">Aereo<br \/>\n<\/span><\/strong>L\u2019Aeroporto Internazionale Leonardo Da Vinci dista 22 km dall\u2019hotel e, tramite il Grande Raccordo Anulare (GRA), il tragitto richiede circa 20 minuti in auto.<\/p>\n<p>L\u2019Aeroporto di Ciampino \u00e8 situato a 25 km dall\u2019hotel, a circa 30 minuti in auto tramite il Grande Raccordo Anulare (GRA).<\/p>\n<p><strong><span style=\"color: #007dc6;\">Taxi<br \/>\n<\/span><\/strong><strong>IT Taxi <\/strong>063570<span style=\"color: #333300;\"><span class=\"elementor-icon-list-text\"><br \/>\n<\/span><\/span><strong>Taxi Samarcanda<\/strong> 5551<br \/>\n<strong>Pronto Taxi<\/strong> 066645<\/p>\n<p>&nbsp;<\/p>\n<p>&nbsp;<\/p>\n<\/div>\n","protected":false},"excerpt":{"rendered":"<p>SEDE DEL CONGRESSO A. Roma Lifestyle Via Giorgio Zoega, 59 00164 Roma RM https:\/\/www.ldchotelsitaly.com\/it\/hotelaroma-roma COME ARRIVARE L\u2019A.Roma Lifestyle Hotel \u00e8\u00a0 raggiungibile in auto o con i mezzi pubblici e mette a disposizione dei propri ospiti molteplici soluzioni di mobilit\u00e0: dalla possibilit\u00e0 di prenotare un transfer privato o il servizio shuttle per il centro citt\u00e0 e &hellip; <\/p>\n<p><a class=\"more-link btn\" href=\"https:\/\/www.congressosicvgis.it\/informazioni-generali\/\">Continue reading<\/a><\/p>\n","protected":false},"author":1,"featured_media":0,"parent":0,"menu_order":0,"comment_status":"closed","ping_status":"closed","template":"","meta":{"footnotes":""},"_links":{"self":[{"href":"https:\/\/www.congressosicvgis.it\/wp-json\/wp\/v2\/pages\/29"}],"collection":[{"href":"https:\/\/www.congressosicvgis.it\/wp-json\/wp\/v2\/pages"}],"about":[{"href":"https:\/\/www.congressosicvgis.it\/wp-json\/wp\/v2\/types\/page"}],"author":[{"embeddable":true,"href":"https:\/\/www.congressosicvgis.it\/wp-json\/wp\/v2\/users\/1"}],"replies":[{"embeddable":true,"href":"https:\/\/www.congressosicvgis.it\/wp-json\/wp\/v2\/comments?post=29"}],"version-history":[{"count":35,"href":"https:\/\/www.congressosicvgis.it\/wp-json\/wp\/v2\/pages\/29\/revisions"}],"predecessor-version":[{"id":700,"href":"https:\/\/www.congressosicvgis.it\/wp-json\/wp\/v2\/pages\/29\/revisions\/700"}],"wp:attachment":[{"href":"https:\/\/www.congressosicvgis.it\/wp-json\/wp\/v2\/media?parent=29"}],"curies":[{"name":"wp","href":"https:\/\/api.w.org\/{rel}","templated":true}]}}